{"id":513,"date":"2023-02-24T22:01:00","date_gmt":"2023-02-24T21:01:00","guid":{"rendered":"http:\/\/www.auerhahnschuetzen-reinhartshausen.de\/wordpress\/?page_id=513"},"modified":"2024-01-18T22:17:02","modified_gmt":"2024-01-18T21:17:02","slug":"jugendleitung","status":"publish","type":"page","link":"https:\/\/www.auerhahnschuetzen-reinhartshausen.de\/wordpress\/vorstandschaft\/jugendleitung\/","title":{"rendered":"Jugendleitung"},"content":{"rendered":"<p><em>Unser Jugendleitung wird direkt von unseren Jugendlichen (bis 27 Jahren) in einer eigenen Versammlung gew\u00e4hlt. Die Posten werden f\u00fcr 3 Jahre gew\u00e4hlt.<\/em><\/p>\n<p><strong><span style=\"text-decoration: underline;\">jugendleitung@auerhahnschuetzen-reinhartshausen.de<\/span><\/strong><\/p>\n<p>1. Jugendleiter: Jasmin Weber<\/p>\n<p>2. Jugendleiter: Alisa Frey<\/p>\n<p>3. Jugendleiter: Bernd Brettel<\/p>\n","protected":false},"excerpt":{"rendered":"<p>Unser Jugendleitung wird direkt von unseren Jugendlichen (bis 27 Jahren) in einer eigenen Versammlung gew\u00e4hlt. Die Posten werden f\u00fcr 3 Jahre gew\u00e4hlt. jugendleitung@auerhahnschuetzen-reinhartshausen.de 1. Jugendleiter: Jasmin Weber 2. Jugendleiter: Alisa Frey 3. Jugendleiter: Bernd Brettel<\/p>\n","protected":false},"author":1,"featured_media":0,"parent":541,"menu_order":0,"comment_status":"closed","ping_status":"closed","template":"","meta":{"footnotes":""},"class_list":["post-513","page","type-page","status-publish","hentry"],"_links":{"self":[{"href":"https:\/\/www.auerhahnschuetzen-reinhartshausen.de\/wordpress\/wp-json\/wp\/v2\/pages\/513","targetHints":{"allow":["GET"]}}],"collection":[{"href":"https:\/\/www.auerhahnschuetzen-reinhartshausen.de\/wordpress\/wp-json\/wp\/v2\/pages"}],"about":[{"href":"https:\/\/www.auerhahnschuetzen-reinhartshausen.de\/wordpress\/wp-json\/wp\/v2\/types\/page"}],"author":[{"embeddable":true,"href":"https:\/\/www.auerhahnschuetzen-reinhartshausen.de\/wordpress\/wp-json\/wp\/v2\/users\/1"}],"replies":[{"embeddable":true,"href":"https:\/\/www.auerhahnschuetzen-reinhartshausen.de\/wordpress\/wp-json\/wp\/v2\/comments?post=513"}],"version-history":[{"count":10,"href":"https:\/\/www.auerhahnschuetzen-reinhartshausen.de\/wordpress\/wp-json\/wp\/v2\/pages\/513\/revisions"}],"predecessor-version":[{"id":3032,"href":"https:\/\/www.auerhahnschuetzen-reinhartshausen.de\/wordpress\/wp-json\/wp\/v2\/pages\/513\/revisions\/3032"}],"up":[{"embeddable":true,"href":"https:\/\/www.auerhahnschuetzen-reinhartshausen.de\/wordpress\/wp-json\/wp\/v2\/pages\/541"}],"wp:attachment":[{"href":"https:\/\/www.auerhahnschuetzen-reinhartshausen.de\/wordpress\/wp-json\/wp\/v2\/media?parent=513"}],"curies":[{"name":"wp","href":"https:\/\/api.w.org\/{rel}","templated":true}]}}