{"id":143,"date":"2024-09-29T21:05:02","date_gmt":"2024-09-29T19:05:02","guid":{"rendered":"http:\/\/www.auerhahnschuetzen-reinhartshausen.de\/wordpress\/?page_id=143"},"modified":"2024-09-29T21:10:11","modified_gmt":"2024-09-29T19:10:11","slug":"impressum","status":"publish","type":"page","link":"https:\/\/www.auerhahnschuetzen-reinhartshausen.de\/wordpress\/impressum\/","title":{"rendered":"Angaben zur allgemeinen Informationspflicht \u00a75 Digitale-Dienste-Gesetz (DDG)"},"content":{"rendered":"\n<p>Impressum:<\/p>\n\n\n\n<p>Auerhahnsch\u00fctzen Reinhartshausen e.V.<br>Hattenbergstra\u00dfe 35<br>86399 Bobingen-Reinhartshausen<\/p>\n\n\n\n<p>Vereinsregister: 165<br>Registergericht: Schwabm\u00fcnchen<\/p>\n\n\n\n<p><strong>Vertreten durch:<\/strong><br>Daniel Frey<\/p>\n\n\n\n<h2 class=\"wp-block-heading\">Kontakt<\/h2>\n\n\n\n<p>Telefon: 08203\/6053<br>Telefax: 08203\/6053<br>E-Mail: webmaster@auerhahnschuetzen-reinhartshausen.de<\/p>\n\n\n\n<h2 class=\"wp-block-heading\">Verbraucher\u00adstreit\u00adbeilegung\/Universal\u00adschlichtungs\u00adstelle<\/h2>\n\n\n\n<p>Wir sind nicht bereit oder verpflichtet, an Streitbeilegungsverfahren vor einer Verbraucherschlichtungsstelle teilzunehmen.<\/p>\n\n\n\n<p>Quelle: <a href=\"https:\/\/www.e-recht24.de\">https:\/\/www.e-recht24.de<\/a><\/p>\n\n\n\n<p><\/p>\n\n\n\n<p><\/p>\n","protected":false},"excerpt":{"rendered":"<p>Impressum: Auerhahnsch\u00fctzen Reinhartshausen e.V.Hattenbergstra\u00dfe 3586399 Bobingen-Reinhartshausen Vereinsregister: 165Registergericht: Schwabm\u00fcnchen Vertreten durch:Daniel Frey Kontakt Telefon: 08203\/6053Telefax: 08203\/6053E-Mail: webmaster@auerhahnschuetzen-reinhartshausen.de Verbraucher\u00adstreit\u00adbeilegung\/Universal\u00adschlichtungs\u00adstelle Wir sind nicht bereit oder verpflichtet, an Streitbeilegungsverfahren vor einer Verbraucherschlichtungsstelle teilzunehmen. Quelle: https:\/\/www.e-recht24.de<\/p>\n","protected":false},"author":1,"featured_media":0,"parent":0,"menu_order":0,"comment_status":"closed","ping_status":"closed","template":"","meta":{"footnotes":""},"class_list":["post-143","page","type-page","status-publish","hentry"],"_links":{"self":[{"href":"https:\/\/www.auerhahnschuetzen-reinhartshausen.de\/wordpress\/wp-json\/wp\/v2\/pages\/143","targetHints":{"allow":["GET"]}}],"collection":[{"href":"https:\/\/www.auerhahnschuetzen-reinhartshausen.de\/wordpress\/wp-json\/wp\/v2\/pages"}],"about":[{"href":"https:\/\/www.auerhahnschuetzen-reinhartshausen.de\/wordpress\/wp-json\/wp\/v2\/types\/page"}],"author":[{"embeddable":true,"href":"https:\/\/www.auerhahnschuetzen-reinhartshausen.de\/wordpress\/wp-json\/wp\/v2\/users\/1"}],"replies":[{"embeddable":true,"href":"https:\/\/www.auerhahnschuetzen-reinhartshausen.de\/wordpress\/wp-json\/wp\/v2\/comments?post=143"}],"version-history":[{"count":18,"href":"https:\/\/www.auerhahnschuetzen-reinhartshausen.de\/wordpress\/wp-json\/wp\/v2\/pages\/143\/revisions"}],"predecessor-version":[{"id":3114,"href":"https:\/\/www.auerhahnschuetzen-reinhartshausen.de\/wordpress\/wp-json\/wp\/v2\/pages\/143\/revisions\/3114"}],"wp:attachment":[{"href":"https:\/\/www.auerhahnschuetzen-reinhartshausen.de\/wordpress\/wp-json\/wp\/v2\/media?parent=143"}],"curies":[{"name":"wp","href":"https:\/\/api.w.org\/{rel}","templated":true}]}}